{"id":860,"date":"2026-04-24T14:17:04","date_gmt":"2026-04-24T14:17:04","guid":{"rendered":"https:\/\/mm2architects.com\/?page_id=860"},"modified":"2026-04-24T15:42:30","modified_gmt":"2026-04-24T15:42:30","slug":"etablissement-medicosocial","status":"publish","type":"page","link":"https:\/\/mm2architects.com\/?page_id=860","title":{"rendered":"Etablissement m\u00e9dicosocial"},"content":{"rendered":"\n<div class=\"wp-block-uagb-container uagb-block-oaqmzkuh alignfull uagb-is-root-container\"><div class=\"uagb-container-inner-blocks-wrap\">\n<div class=\"wp-block-uagb-container uagb-block-0wfz5pg6\">\n<div class=\"wp-block-uagb-info-box uagb-block-usvk91bh uagb-infobox__content-wrap  uagb-infobox-icon-above-title uagb-infobox-image-valign-top\"><div class=\"uagb-ifb-content\"><div class=\"uagb-ifb-title-wrap\"><h2 class=\"uagb-ifb-title\">Centre om el khir pour le soin des personnes \u00e2g\u00e9es 2023 (r\u00e9alis\u00e9)<\/h2><\/div><\/div><\/div>\n\n\n\n<div class=\"wp-block-uagb-info-box uagb-block-bydhhinl uagb-infobox__content-wrap  uagb-infobox-icon-above-title uagb-infobox-image-valign-top\"><div class=\"uagb-ifb-content\"><div class=\"uagb-ifb-title-wrap\"><\/div><p class=\"uagb-ifb-desc\"> <\/p><\/div><\/div>\n<\/div>\n\n\n\n<div class=\"wp-block-uagb-container uagb-block-b178cpln\">\n<div class=\"wp-block-uagb-container uagb-block-so7sl37u\">\n<div class=\"wp-block-uagb-image alignleft uagb-block-r5hd9hne wp-block-uagb-image--layout-default wp-block-uagb-image--effect-zoomin wp-block-uagb-image--align-left animated backInLeft\"><figure class=\"wp-block-uagb-image__figure\"><a class=\"\" href=\"https:\/\/mm2architects.com\/wp-content\/uploads\/2025\/12\/WhatsApp-Image-2025-12-11-at-4.12.49-PM.jpeg\" target=\"\" rel=\"noopener\"><img decoding=\"async\" srcset=\"https:\/\/mm2architects.com\/wp-content\/uploads\/2025\/12\/WhatsApp-Image-2025-12-11-at-4.12.49-PM-768x1024.jpeg ,https:\/\/mm2architects.com\/wp-content\/uploads\/2025\/12\/WhatsApp-Image-2025-12-11-at-4.12.49-PM.jpeg 780w, https:\/\/mm2architects.com\/wp-content\/uploads\/2025\/12\/WhatsApp-Image-2025-12-11-at-4.12.49-PM.jpeg 360w\" sizes=\"auto, (max-width: 480px) 150px\" src=\"https:\/\/mm2architects.com\/wp-content\/uploads\/2025\/12\/WhatsApp-Image-2025-12-11-at-4.12.49-PM-768x1024.jpeg\" alt=\"\" class=\"uag-image-824\" width=\"384\" height=\"384\" title=\"\" loading=\"lazy\" role=\"presentation\"\/><\/a><\/figure><\/div>\n\n\n\n<div class=\"wp-block-uagb-image alignleft uagb-block-coe0ojds wp-block-uagb-image--layout-default wp-block-uagb-image--effect-zoomin wp-block-uagb-image--align-left animated backInLeft\"><figure class=\"wp-block-uagb-image__figure\"><a class=\"\" href=\"https:\/\/mm2architects.com\/wp-content\/uploads\/2025\/12\/WhatsApp-Image-2025-12-11-at-4.12.49-PM-2.jpeg\" target=\"\" rel=\"noopener\"><img decoding=\"async\" srcset=\"https:\/\/mm2architects.com\/wp-content\/uploads\/2025\/12\/WhatsApp-Image-2025-12-11-at-4.12.49-PM-2-1024x768.jpeg ,https:\/\/mm2architects.com\/wp-content\/uploads\/2025\/12\/WhatsApp-Image-2025-12-11-at-4.12.49-PM-2.jpeg 780w, https:\/\/mm2architects.com\/wp-content\/uploads\/2025\/12\/WhatsApp-Image-2025-12-11-at-4.12.49-PM-2.jpeg 360w\" sizes=\"auto, (max-width: 480px) 150px\" src=\"https:\/\/mm2architects.com\/wp-content\/uploads\/2025\/12\/WhatsApp-Image-2025-12-11-at-4.12.49-PM-2-1024x768.jpeg\" alt=\"\" class=\"uag-image-827\" width=\"384\" height=\"512\" title=\"Centre de soins pour personnes \u00e2g\u00e9es Oum El Khir\" loading=\"lazy\" role=\"img\"\/><\/a><\/figure><\/div>\n<\/div>\n\n\n\n<div class=\"wp-block-uagb-container uagb-block-nxa3snzm\">\n<div data-aos= \"zoom-in\" data-aos-duration=\"400\" data-aos-delay=\"0\" data-aos-easing=\"ease\" data-aos-once=\"true\" class=\"wp-block-uagb-image alignleft uagb-block-s64edah7 wp-block-uagb-image--layout-default wp-block-uagb-image--effect-zoomin wp-block-uagb-image--align-left animated backInDown\"><figure class=\"wp-block-uagb-image__figure\"><a class=\"\" href=\"https:\/\/mm2architects.com\/wp-content\/uploads\/2025\/12\/WhatsApp-Image-2025-12-11-at-4.12.49-PM-1.jpeg\" target=\"\" rel=\"noopener\"><img decoding=\"async\" srcset=\"https:\/\/mm2architects.com\/wp-content\/uploads\/2025\/12\/WhatsApp-Image-2025-12-11-at-4.12.49-PM-1-768x1024.jpeg ,https:\/\/mm2architects.com\/wp-content\/uploads\/2025\/12\/WhatsApp-Image-2025-12-11-at-4.12.49-PM-1.jpeg 780w, https:\/\/mm2architects.com\/wp-content\/uploads\/2025\/12\/WhatsApp-Image-2025-12-11-at-4.12.49-PM-1.jpeg 360w\" sizes=\"auto, (max-width: 480px) 150px\" src=\"https:\/\/mm2architects.com\/wp-content\/uploads\/2025\/12\/WhatsApp-Image-2025-12-11-at-4.12.49-PM-1-768x1024.jpeg\" alt=\"\" class=\"uag-image-825\" width=\"384\" height=\"308\" title=\"Centre de soins pour personnes \u00e2g\u00e9es Oum El Khir\" loading=\"lazy\" role=\"img\"\/><\/a><\/figure><\/div>\n\n\n\n<div data-aos= \"zoom-in\" data-aos-duration=\"400\" data-aos-delay=\"0\" data-aos-easing=\"ease\" data-aos-once=\"true\" class=\"wp-block-uagb-image alignleft uagb-block-hhyw6cbw wp-block-uagb-image--layout-default wp-block-uagb-image--effect-zoomin wp-block-uagb-image--align-left\"><figure class=\"wp-block-uagb-image__figure\"><a class=\"\" href=\"https:\/\/mm2architects.com\/wp-content\/uploads\/2025\/12\/WhatsApp-Image-2025-12-11-at-4.12.49-PM-3.jpeg\" target=\"\" rel=\"noopener\"><img decoding=\"async\" srcset=\"https:\/\/mm2architects.com\/wp-content\/uploads\/2025\/12\/WhatsApp-Image-2025-12-11-at-4.12.49-PM-3-1024x768.jpeg ,https:\/\/mm2architects.com\/wp-content\/uploads\/2025\/12\/WhatsApp-Image-2025-12-11-at-4.12.49-PM-3.jpeg 780w, https:\/\/mm2architects.com\/wp-content\/uploads\/2025\/12\/WhatsApp-Image-2025-12-11-at-4.12.49-PM-3.jpeg 360w\" sizes=\"auto, (max-width: 480px) 150px\" src=\"https:\/\/mm2architects.com\/wp-content\/uploads\/2025\/12\/WhatsApp-Image-2025-12-11-at-4.12.49-PM-3-1024x768.jpeg\" alt=\"\" class=\"uag-image-828\" width=\"384\" height=\"384\" title=\"Centre de soins pour personnes \u00e2g\u00e9es Oum El Khir\" loading=\"lazy\" role=\"img\"\/><\/a><\/figure><\/div>\n\n\n\n<div data-aos= \"fade-up\" data-aos-duration=\"400\" data-aos-delay=\"0\" data-aos-easing=\"ease\" data-aos-once=\"true\" class=\"wp-block-uagb-image alignleft uagb-block-h0w7eahr wp-block-uagb-image--layout-default wp-block-uagb-image--effect-zoomin wp-block-uagb-image--align-left\"><figure class=\"wp-block-uagb-image__figure\"><a class=\"\" href=\"https:\/\/mm2architects.com\/wp-content\/uploads\/2025\/12\/WhatsApp-Image-2025-12-11-at-4.23.56-PM.jpeg\" target=\"\" rel=\"noopener\"><img decoding=\"async\" srcset=\"https:\/\/mm2architects.com\/wp-content\/uploads\/2025\/12\/WhatsApp-Image-2025-12-11-at-4.23.56-PM-1024x768.jpeg ,https:\/\/mm2architects.com\/wp-content\/uploads\/2025\/12\/WhatsApp-Image-2025-12-11-at-4.23.56-PM.jpeg 780w, https:\/\/mm2architects.com\/wp-content\/uploads\/2025\/12\/WhatsApp-Image-2025-12-11-at-4.23.56-PM.jpeg 360w\" sizes=\"auto, (max-width: 480px) 150px\" src=\"https:\/\/mm2architects.com\/wp-content\/uploads\/2025\/12\/WhatsApp-Image-2025-12-11-at-4.23.56-PM-1024x768.jpeg\" alt=\"\" class=\"uag-image-831\" width=\"384\" height=\"288\" title=\"Centre de soins pour personnes \u00e2g\u00e9es Oum El Khir\" loading=\"lazy\" role=\"img\"\/><\/a><\/figure><\/div>\n<\/div>\n\n\n\n<div class=\"wp-block-uagb-container uagb-block-azzn1dgm\">\n<div class=\"wp-block-uagb-image alignleft uagb-block-uvfuu8oc wp-block-uagb-image--layout-default wp-block-uagb-image--effect-zoomin wp-block-uagb-image--align-left animated backInRight\"><figure class=\"wp-block-uagb-image__figure\"><a class=\"\" href=\"https:\/\/mm2architects.com\/wp-content\/uploads\/2025\/12\/WhatsApp-Image-2025-12-11-at-4.13.44-PM.jpeg\" target=\"\" rel=\"noopener\"><img decoding=\"async\" srcset=\"https:\/\/mm2architects.com\/wp-content\/uploads\/2025\/12\/WhatsApp-Image-2025-12-11-at-4.13.44-PM-1024x768.jpeg ,https:\/\/mm2architects.com\/wp-content\/uploads\/2025\/12\/WhatsApp-Image-2025-12-11-at-4.13.44-PM.jpeg 780w, https:\/\/mm2architects.com\/wp-content\/uploads\/2025\/12\/WhatsApp-Image-2025-12-11-at-4.13.44-PM.jpeg 360w\" sizes=\"auto, (max-width: 480px) 150px\" src=\"https:\/\/mm2architects.com\/wp-content\/uploads\/2025\/12\/WhatsApp-Image-2025-12-11-at-4.13.44-PM-1024x768.jpeg\" alt=\"\" class=\"uag-image-826\" width=\"384\" height=\"481\" title=\"Centre de soins pour personnes \u00e2g\u00e9es Oum El Khir\" loading=\"lazy\" role=\"img\"\/><\/a><\/figure><\/div>\n\n\n\n<div class=\"wp-block-uagb-image uagb-block-d4ebvoqy wp-block-uagb-image--layout-default wp-block-uagb-image--effect-zoomin wp-block-uagb-image--align-none animated backInRight\"><figure class=\"wp-block-uagb-image__figure\"><a class=\"\" href=\"https:\/\/mm2architects.com\/wp-content\/uploads\/2025\/12\/WhatsApp-Image-2025-12-11-at-4.12.50-PM.jpeg\" target=\"\" rel=\"noopener\"><img decoding=\"async\" srcset=\"https:\/\/mm2architects.com\/wp-content\/uploads\/2025\/12\/WhatsApp-Image-2025-12-11-at-4.12.50-PM-1024x768.jpeg ,https:\/\/mm2architects.com\/wp-content\/uploads\/2025\/12\/WhatsApp-Image-2025-12-11-at-4.12.50-PM.jpeg 780w, https:\/\/mm2architects.com\/wp-content\/uploads\/2025\/12\/WhatsApp-Image-2025-12-11-at-4.12.50-PM.jpeg 360w\" sizes=\"auto, (max-width: 480px) 150px\" src=\"https:\/\/mm2architects.com\/wp-content\/uploads\/2025\/12\/WhatsApp-Image-2025-12-11-at-4.12.50-PM-1024x768.jpeg\" alt=\"\" class=\"uag-image-829\" width=\"384\" height=\"384\" title=\"Centre de soins pour personnes \u00e2g\u00e9es Oum El Khir\" loading=\"lazy\" role=\"img\"\/><\/a><\/figure><\/div>\n<\/div>\n<\/div>\n<\/div><\/div>\n\n\n\n<p><a href=\"https:\/\/www.africanchallenges.com\/tunisie-le-centre-de-soins-aux-personnes-agees-om-al-khair-sera-operationnel-en-mars-prochain-avec-une-capacite-daccueil-denviron-90-personnes\">https:\/\/www.africanchallenges.com\/tunisie-le-centre-de-soins-aux-personnes-agees-om-al-khair-sera-operationnel-en-mars-prochain-avec-une-capacite-daccueil-denviron-90-personnes<\/a><\/p>\n\n\n\n<figure class=\"wp-block-embed is-type-wp-embed is-provider-leconomiste-maghrebin wp-block-embed-leconomiste-maghrebin\"><div class=\"wp-block-embed__wrapper\">\n<blockquote class=\"wp-embedded-content\" data-secret=\"SU9gsO1pjX\"><a href=\"https:\/\/www.leconomistemaghrebin.com\/2025\/01\/23\/monastir-relance-du-projet-de-modernisation-du-centre-de-formation-a-peche-a-teboulba-en-examen\/\">Monastir : la relance du projet de modernisation du Centre de formation \u00e0 la p\u00eache de T\u00e9boulba \u00e0 l&rsquo;examen<\/a><\/blockquote><iframe loading=\"lazy\" class=\"wp-embedded-content\" sandbox=\"allow-scripts\" security=\"restricted\" style=\"position: absolute; visibility: hidden;\" title=\"\u00ab\u00a0Monastir : la relance du projet de modernisation du Centre de formation \u00e0 la p\u00eache de T\u00e9boulba \u00e0 l&rsquo;examen\u00a0\u00bb &#8212; Leconomiste Maghrebin\" src=\"https:\/\/www.leconomistemaghrebin.com\/2025\/01\/23\/monastir-relance-du-projet-de-modernisation-du-centre-de-formation-a-peche-a-teboulba-en-examen\/embed\/#?secret=QXAq2WcdiX#?secret=SU9gsO1pjX\" data-secret=\"SU9gsO1pjX\" width=\"500\" height=\"282\" frameborder=\"0\" marginwidth=\"0\" marginheight=\"0\" scrolling=\"no\"><\/iframe>\n<\/div><\/figure>\n\n\n\n<figure class=\"wp-block-embed is-type-wp-embed is-provider-tunisie-numerique wp-block-embed-tunisie-numerique\"><div class=\"wp-block-embed__wrapper\">\n<blockquote class=\"wp-embedded-content\" data-secret=\"kCyuJR0vDL\"><a href=\"https:\/\/www.tunisienumerique.com\/tunisie-inauguration-de-centre-oumm-el-kheir-pour-personnes-agees\/\">Tunisie\u00a0: Inauguration de centre Oumm El Kheir pour personnes \u00e2g\u00e9es<\/a><\/blockquote><iframe loading=\"lazy\" class=\"wp-embedded-content\" sandbox=\"allow-scripts\" security=\"restricted\" style=\"position: absolute; visibility: hidden;\" title=\"\u00ab\u00a0Tunisie\u00a0: Inauguration de centre Oumm El Kheir pour personnes \u00e2g\u00e9es\u00a0\u00bb &#8212; Tunisie numerique\" src=\"https:\/\/www.tunisienumerique.com\/tunisie-inauguration-de-centre-oumm-el-kheir-pour-personnes-agees\/embed\/#?secret=wb4vgSPy8i#?secret=kCyuJR0vDL\" data-secret=\"kCyuJR0vDL\" width=\"500\" height=\"282\" frameborder=\"0\" marginwidth=\"0\" marginheight=\"0\" scrolling=\"no\"><\/iframe>\n<\/div><\/figure>\n\n\n\n<div class=\"wp-block-uagb-container uagb-block-8zbqfgdt alignfull uagb-is-root-container\"><div class=\"uagb-container-inner-blocks-wrap\">\n<div class=\"wp-block-uagb-info-box uagb-block-3infxeox uagb-infobox__content-wrap  uagb-infobox-icon-above-title uagb-infobox-image-valign-top\"><div class=\"uagb-ifb-content\"><div class=\"uagb-ifb-title-wrap\"><h2 class=\"uagb-ifb-title\">Contact<\/h2><\/div><p class=\"uagb-ifb-desc\">Des questions ou envie de d\u00e9marrer un projet ? Nous sommes \u00e0 votre \u00e9coute ! Contactez-nous d\u00e8s aujourd&rsquo;hui pour discuter de vos id\u00e9es, planifier une consultation ou simplement nous dire bonjour. Nous sommes impatients de vous entendre !<\/p><\/div><\/div>\n\n\n\n<div class=\"wp-block-uagb-container uagb-block-l2i0y4zc\">\n<div class=\"wp-block-uagb-container uagb-block-trsddlac\">\n<div class=\"wp-block-uagb-info-box uagb-block-ln1wpqlz uagb-infobox__content-wrap  uagb-infobox-icon-left uagb-infobox-left uagb-infobox-stacked-tablet uagb-infobox-image-valign-top\"><div class=\"uagb-ifb-icon-wrap\"><div class=\"uagb-iconbox-icon-wrap uagb-infobox-shape-circle\"><svg xmlns=\"https:\/\/www.w3.org\/2000\/svg\" viewBox=\"0 0 512 512\"><path d=\"M511.2 387l-23.25 100.8c-3.266 14.25-15.79 24.22-30.46 24.22C205.2 512 0 306.8 0 54.5c0-14.66 9.969-27.2 24.22-30.45l100.8-23.25C139.7-2.602 154.7 5.018 160.8 18.92l46.52 108.5c5.438 12.78 1.77 27.67-8.98 36.45L144.5 207.1c33.98 69.22 90.26 125.5 159.5 159.5l44.08-53.8c8.688-10.78 23.69-14.51 36.47-8.975l108.5 46.51C506.1 357.2 514.6 372.4 511.2 387z\"><\/path><\/svg><\/div><\/div><div class=\"uagb-ifb-content\"><div class=\"uagb-ifb-title-wrap\"><p class=\"uagb-ifb-title\">Phone<\/p><\/div><p class=\"uagb-ifb-desc\"><a><strong>+216 29 777 664<\/strong><br><strong>+216 71 500 207<em><br><\/em><\/strong><\/a><br><br><\/p><\/div><\/div>\n<\/div>\n\n\n\n<div class=\"wp-block-uagb-container uagb-block-planibij\">\n<div class=\"wp-block-uagb-info-box uagb-block-f26wvzwu uagb-infobox__content-wrap  uagb-infobox-icon-left uagb-infobox-left uagb-infobox-stacked-tablet uagb-infobox-image-valign-top\"><div class=\"uagb-ifb-icon-wrap\"><div class=\"uagb-iconbox-icon-wrap uagb-infobox-shape-circle\"><svg xmlns=\"https:\/\/www.w3.org\/2000\/svg\" viewBox=\"0 0 512 512\"><path d=\"M464 64C490.5 64 512 85.49 512 112C512 127.1 504.9 141.3 492.8 150.4L275.2 313.6C263.8 322.1 248.2 322.1 236.8 313.6L19.2 150.4C7.113 141.3 0 127.1 0 112C0 85.49 21.49 64 48 64H464zM217.6 339.2C240.4 356.3 271.6 356.3 294.4 339.2L512 176V384C512 419.3 483.3 448 448 448H64C28.65 448 0 419.3 0 384V176L217.6 339.2z\"><\/path><\/svg><\/div><\/div><div class=\"uagb-ifb-content\"><div class=\"uagb-ifb-title-wrap\"><p class=\"uagb-ifb-title\">Email<\/p><\/div><p class=\"uagb-ifb-desc\"><a><strong>Contact@mm2architects.com<\/strong><\/a><\/p><\/div><\/div>\n<\/div>\n\n\n\n<div class=\"wp-block-uagb-container uagb-block-ugnow8g8\">\n<div class=\"wp-block-uagb-info-box uagb-block-yel3f4vw uagb-infobox__content-wrap  uagb-infobox-icon-left uagb-infobox-left uagb-infobox-stacked-tablet uagb-infobox-image-valign-top\"><div class=\"uagb-ifb-icon-wrap\"><div class=\"uagb-iconbox-icon-wrap uagb-infobox-shape-circle\"><svg xmlns=\"https:\/\/www.w3.org\/2000\/svg\" viewBox=\"0 0 384 512\"><path d=\"M168.3 499.2C116.1 435 0 279.4 0 192C0 85.96 85.96 0 192 0C298 0 384 85.96 384 192C384 279.4 267 435 215.7 499.2C203.4 514.5 180.6 514.5 168.3 499.2H168.3zM192 256C227.3 256 256 227.3 256 192C256 156.7 227.3 128 192 128C156.7 128 128 156.7 128 192C128 227.3 156.7 256 192 256z\"><\/path><\/svg><\/div><\/div><div class=\"uagb-ifb-content\"><div class=\"uagb-ifb-title-wrap\"><p class=\"uagb-ifb-title\">Address<\/p><\/div><p class=\"uagb-ifb-desc\"><a><strong>07, Rue 8002, IMM.SAFSAF,B.B45, MONTPLAISIR&nbsp;,2007, Tunis, TUNISIE.<\/strong><\/a><\/p><\/div><\/div>\n<\/div>\n<\/div>\n\n\n\t\t\t<div \n\t\t\tclass=\"wp-block-uagb-google-map uagb-google-map__wrap uagb-block-4kslurfx     animated rollIn\"\n\t\t\tstyle=\"\" >\n\t\t\t\t<embed\n\t\t\t\t\tclass=\"uagb-google-map__iframe\"\n\t\t\t\t\ttitle=\"Carte Google pour \"\n\t\t\t\t\tsrc=\"https:\/\/maps.google.com\/maps?q=07%2C%20Rue%208002%2C%20IMM.SAFSAF%2CB.B45%2C%20MONTPLAISIR%C2%A0%2C2007%2C%20Tunis%2C%20TUNISIE.&#038;z=12&#038;hl=en&#038;t=m&#038;output=embed&#038;iwloc=near\"\n\t\t\t\t\twidth=\"640\"\n\t\t\t\t\theight=\"350\"\n\t\t\t\t\tloading=\"lazy\"\n\t\t\t\t><\/embed>\n\t\t\t<\/div>\n\t\t\t<\/div><\/div>\n","protected":false},"excerpt":{"rendered":"<p>https:\/\/www.africanchallenges.com\/tunisie-le-centre-de-soins-aux-personnes-agees-om-al-khair-sera-operationnel-en-mars-prochain-avec-une-capacite-daccueil-denviron-90-personnes<\/p>\n","protected":false},"author":1,"featured_media":0,"parent":0,"menu_order":0,"comment_status":"closed","ping_status":"closed","template":"","meta":{"_seopress_robots_primary_cat":"","_seopress_titles_title":"","_seopress_titles_desc":"","_seopress_robots_index":"","_uag_custom_page_level_css":"","site-sidebar-layout":"default","site-content-layout":"","ast-site-content-layout":"","site-content-style":"default","site-sidebar-style":"default","ast-global-header-display":"","ast-banner-title-visibility":"","ast-main-header-display":"","ast-hfb-above-header-display":"","ast-hfb-below-header-display":"","ast-hfb-mobile-header-display":"","site-post-title":"disabled","ast-breadcrumbs-content":"","ast-featured-img":"","footer-sml-layout":"","theme-transparent-header-meta":"","adv-header-id-meta":"","stick-header-meta":"","header-above-stick-meta":"","header-main-stick-meta":"","header-below-stick-meta":"","astra-migrate-meta-layouts":"default","ast-page-background-enabled":"default","ast-page-background-meta":{"desktop":{"background-color":"var(--ast-global-color-5)","background-image":"","background-repeat":"repeat","background-position":"center center","background-size":"auto","background-attachment":"scroll","background-type":"","background-media":"","overlay-type":"","overlay-color":"","overlay-opacity":"","overlay-gradient":""},"tablet":{"background-color":"","background-image":"","background-repeat":"repeat","background-position":"center center","background-size":"auto","background-attachment":"scroll","background-type":"","background-media":"","overlay-type":"","overlay-color":"","overlay-opacity":"","overlay-gradient":""},"mobile":{"background-color":"","background-image":"","background-repeat":"repeat","background-position":"center center","background-size":"auto","background-attachment":"scroll","background-type":"","background-media":"","overlay-type":"","overlay-color":"","overlay-opacity":"","overlay-gradient":""}},"ast-content-background-meta":{"desktop":{"background-color":"var(--ast-global-color-4)","background-image":"","background-repeat":"repeat","background-position":"center center","background-size":"auto","background-attachment":"scroll","background-type":"","background-media":"","overlay-type":"","overlay-color":"","overlay-opacity":"","overlay-gradient":""},"tablet":{"background-color":"var(--ast-global-color-4)","background-image":"","background-repeat":"repeat","background-position":"center center","background-size":"auto","background-attachment":"scroll","background-type":"","background-media":"","overlay-type":"","overlay-color":"","overlay-opacity":"","overlay-gradient":""},"mobile":{"background-color":"var(--ast-global-color-4)","background-image":"","background-repeat":"repeat","background-position":"center center","background-size":"auto","background-attachment":"scroll","background-type":"","background-media":"","overlay-type":"","overlay-color":"","overlay-opacity":"","overlay-gradient":""}},"footnotes":""},"class_list":["post-860","page","type-page","status-publish","hentry"],"uagb_featured_image_src":{"full":false,"thumbnail":false,"medium":false,"medium_large":false,"large":false,"1536x1536":false,"2048x2048":false},"uagb_author_info":{"display_name":"admin9644","author_link":"https:\/\/mm2architects.com\/?author=1"},"uagb_comment_info":0,"uagb_excerpt":"https:\/\/www.africanchallenges.com\/tunisie-le-centre-de-soins-aux-personnes-agees-om-al-khair-sera-operationnel-en-mars-prochain-avec-une-capacite-daccueil-denviron-90-personnes","_links":{"self":[{"href":"https:\/\/mm2architects.com\/index.php?rest_route=\/wp\/v2\/pages\/860","targetHints":{"allow":["GET"]}}],"collection":[{"href":"https:\/\/mm2architects.com\/index.php?rest_route=\/wp\/v2\/pages"}],"about":[{"href":"https:\/\/mm2architects.com\/index.php?rest_route=\/wp\/v2\/types\/page"}],"author":[{"embeddable":true,"href":"https:\/\/mm2architects.com\/index.php?rest_route=\/wp\/v2\/users\/1"}],"replies":[{"embeddable":true,"href":"https:\/\/mm2architects.com\/index.php?rest_route=%2Fwp%2Fv2%2Fcomments&post=860"}],"version-history":[{"count":7,"href":"https:\/\/mm2architects.com\/index.php?rest_route=\/wp\/v2\/pages\/860\/revisions"}],"predecessor-version":[{"id":908,"href":"https:\/\/mm2architects.com\/index.php?rest_route=\/wp\/v2\/pages\/860\/revisions\/908"}],"wp:attachment":[{"href":"https:\/\/mm2architects.com\/index.php?rest_route=%2Fwp%2Fv2%2Fmedia&parent=860"}],"curies":[{"name":"wp","href":"https:\/\/api.w.org\/{rel}","templated":true}]}}