{"id":856,"date":"2026-04-24T14:19:00","date_gmt":"2026-04-24T14:19:00","guid":{"rendered":"https:\/\/mm2architects.com\/?page_id=856"},"modified":"2026-04-24T14:57:16","modified_gmt":"2026-04-24T14:57:16","slug":"educatif","status":"publish","type":"page","link":"https:\/\/mm2architects.com\/?page_id=856","title":{"rendered":"Educatif"},"content":{"rendered":"\n<p>Ecole primaire Chouigui (r\u00e9alis\u00e9)<\/p>\n\n\n\n<p>Ecole Primaire Fejja (r\u00e9alis\u00e9)<\/p>\n\n\n\n<p>Ecole primaire Melaha (en cours d&rsquo;\u00e9tude)<\/p>\n\n\n\n<p>Ecole primaire Bir Touil (r\u00e9alis\u00e9)<\/p>\n\n\n\n<p>Ecole primaire Messadine (en cours d&rsquo;\u00e9tude)<\/p>\n\n\n\n<p>Ecole primaire Fejja (r\u00e9alis\u00e9)<\/p>\n\n\n\n<p>Coll\u00e8ge keireddine (r\u00e9alis\u00e9)<\/p>\n\n\n\n<p>Coll\u00e8ge battan (r\u00e9alis\u00e9)<\/p>\n\n\n\n<p>Coll\u00e8ge Rades (r\u00e9alis\u00e9) 2024<\/p>\n\n\n\n<figure class=\"wp-block-embed is-type-wp-embed is-provider-kapitalis wp-block-embed-kapitalis\"><div class=\"wp-block-embed__wrapper\">\n<blockquote class=\"wp-embedded-content\" data-secret=\"uO548IrSKY\"><a href=\"https:\/\/kapitalis.com\/tunisie\/2024\/12\/08\/les-travaux-du-college-rades-plage-vont-bon-train\/\">Les travaux du coll\u00e8ge Rades plage vont bon train<\/a><\/blockquote><iframe loading=\"lazy\" class=\"wp-embedded-content\" sandbox=\"allow-scripts\" security=\"restricted\" style=\"position: absolute; visibility: hidden;\" title=\"\u00ab\u00a0Les travaux du coll\u00e8ge Rades plage vont bon train\u00a0\u00bb &#8212; Kapitalis\" src=\"https:\/\/kapitalis.com\/tunisie\/2024\/12\/08\/les-travaux-du-college-rades-plage-vont-bon-train\/embed\/#?secret=3TmSKVqm72#?secret=uO548IrSKY\" data-secret=\"uO548IrSKY\" width=\"500\" height=\"282\" frameborder=\"0\" marginwidth=\"0\" marginheight=\"0\" scrolling=\"no\"><\/iframe>\n<\/div><\/figure>\n\n\n\n<figure class=\"wp-block-embed is-type-wp-embed is-provider-entreprises-magazine wp-block-embed-entreprises-magazine\"><div class=\"wp-block-embed__wrapper\">\n<blockquote class=\"wp-embedded-content\" data-secret=\"pevybIO0eR\"><a href=\"https:\/\/www.entreprises-magazine.com\/visite-de-supervision-du-college-rades-plage\/\">Visite de supervision du coll\u00e8ge Rades plage<\/a><\/blockquote><iframe loading=\"lazy\" class=\"wp-embedded-content\" sandbox=\"allow-scripts\" security=\"restricted\" style=\"position: absolute; visibility: hidden;\" title=\"\u00ab\u00a0Visite de supervision du coll\u00e8ge Rades plage\u00a0\u00bb &#8212; Entreprises Magazine\" src=\"https:\/\/www.entreprises-magazine.com\/visite-de-supervision-du-college-rades-plage\/embed\/#?secret=GnXoYg6jba#?secret=pevybIO0eR\" data-secret=\"pevybIO0eR\" width=\"500\" height=\"282\" frameborder=\"0\" marginwidth=\"0\" marginheight=\"0\" scrolling=\"no\"><\/iframe>\n<\/div><\/figure>\n\n\n\n<p><a href=\"https:\/\/www.africanchallenges.com\/tunisie-visite-de-supervision-du-college-rades-plage-du-gouvernorat-de-ben-arous\">https:\/\/www.africanchallenges.com\/tunisie-visite-de-supervision-du-college-rades-plage-du-gouvernorat-de-ben-arous<\/a><\/p>\n\n\n\n<h1 class=\"wp-block-heading\">Projet CIFAA Complexe Innovant de Formation Agro-Aquacole&nbsp; 2023 (en cours d&rsquo;\u00e9tude)<\/h1>\n\n\n\n<p>R\u00e9f\u00e9rence<\/p>\n\n\n\n<p><a href=\"https:\/\/avfa-preprod1.agrinet.tn\/portfolio\/projet-cifaa-complexe-innovant-pour-ia-formation-agro-aquacole\">https:\/\/avfa-preprod1.agrinet.tn\/portfolio\/projet-cifaa-complexe-innovant-pour-ia-formation-agro-aquacole<\/a><\/p>\n\n\n\n<p><a href=\"https:\/\/www.nepad.org\/node\/16835\">https:\/\/www.nepad.org\/node\/16835<\/a><\/p>\n\n\n\n<p><a href=\"https:\/\/www.facebook.com\/share\/17iJwpoRQ8\">https:\/\/www.facebook.com\/share\/17iJwpoRQ8<\/a><\/p>\n","protected":false},"excerpt":{"rendered":"<p>Ecole primaire Chouigui (r\u00e9alis\u00e9) Ecole Primaire Fejja (r\u00e9alis\u00e9) Ecole primaire Melaha (en cours d&rsquo;\u00e9tude) Ecole primaire Bir Touil (r\u00e9alis\u00e9) Ecole [&hellip;]<\/p>\n","protected":false},"author":1,"featured_media":0,"parent":0,"menu_order":0,"comment_status":"closed","ping_status":"closed","template":"","meta":{"_seopress_robots_primary_cat":"","_seopress_titles_title":"","_seopress_titles_desc":"","_seopress_robots_index":"","_uag_custom_page_level_css":"","site-sidebar-layout":"default","site-content-layout":"","ast-site-content-layout":"","site-content-style":"default","site-sidebar-style":"default","ast-global-header-display":"","ast-banner-title-visibility":"","ast-main-header-display":"","ast-hfb-above-header-display":"","ast-hfb-below-header-display":"","ast-hfb-mobile-header-display":"","site-post-title":"disabled","ast-breadcrumbs-content":"","ast-featured-img":"","footer-sml-layout":"","theme-transparent-header-meta":"","adv-header-id-meta":"","stick-header-meta":"","header-above-stick-meta":"","header-main-stick-meta":"","header-below-stick-meta":"","astra-migrate-meta-layouts":"default","ast-page-background-enabled":"default","ast-page-background-meta":{"desktop":{"background-color":"var(--ast-global-color-5)","background-image":"","background-repeat":"repeat","background-position":"center center","background-size":"auto","background-attachment":"scroll","background-type":"","background-media":"","overlay-type":"","overlay-color":"","overlay-opacity":"","overlay-gradient":""},"tablet":{"background-color":"","background-image":"","background-repeat":"repeat","background-position":"center center","background-size":"auto","background-attachment":"scroll","background-type":"","background-media":"","overlay-type":"","overlay-color":"","overlay-opacity":"","overlay-gradient":""},"mobile":{"background-color":"","background-image":"","background-repeat":"repeat","background-position":"center center","background-size":"auto","background-attachment":"scroll","background-type":"","background-media":"","overlay-type":"","overlay-color":"","overlay-opacity":"","overlay-gradient":""}},"ast-content-background-meta":{"desktop":{"background-color":"var(--ast-global-color-4)","background-image":"","background-repeat":"repeat","background-position":"center center","background-size":"auto","background-attachment":"scroll","background-type":"","background-media":"","overlay-type":"","overlay-color":"","overlay-opacity":"","overlay-gradient":""},"tablet":{"background-color":"var(--ast-global-color-4)","background-image":"","background-repeat":"repeat","background-position":"center center","background-size":"auto","background-attachment":"scroll","background-type":"","background-media":"","overlay-type":"","overlay-color":"","overlay-opacity":"","overlay-gradient":""},"mobile":{"background-color":"var(--ast-global-color-4)","background-image":"","background-repeat":"repeat","background-position":"center center","background-size":"auto","background-attachment":"scroll","background-type":"","background-media":"","overlay-type":"","overlay-color":"","overlay-opacity":"","overlay-gradient":""}},"footnotes":""},"class_list":["post-856","page","type-page","status-publish","hentry"],"uagb_featured_image_src":{"full":false,"thumbnail":false,"medium":false,"medium_large":false,"large":false,"1536x1536":false,"2048x2048":false},"uagb_author_info":{"display_name":"admin9644","author_link":"https:\/\/mm2architects.com\/?author=1"},"uagb_comment_info":0,"uagb_excerpt":"Ecole primaire Chouigui (r\u00e9alis\u00e9) Ecole Primaire Fejja (r\u00e9alis\u00e9) Ecole primaire Melaha (en cours d&rsquo;\u00e9tude) Ecole primaire Bir Touil (r\u00e9alis\u00e9) Ecole [&hellip;]","_links":{"self":[{"href":"https:\/\/mm2architects.com\/index.php?rest_route=\/wp\/v2\/pages\/856","targetHints":{"allow":["GET"]}}],"collection":[{"href":"https:\/\/mm2architects.com\/index.php?rest_route=\/wp\/v2\/pages"}],"about":[{"href":"https:\/\/mm2architects.com\/index.php?rest_route=\/wp\/v2\/types\/page"}],"author":[{"embeddable":true,"href":"https:\/\/mm2architects.com\/index.php?rest_route=\/wp\/v2\/users\/1"}],"replies":[{"embeddable":true,"href":"https:\/\/mm2architects.com\/index.php?rest_route=%2Fwp%2Fv2%2Fcomments&post=856"}],"version-history":[{"count":3,"href":"https:\/\/mm2architects.com\/index.php?rest_route=\/wp\/v2\/pages\/856\/revisions"}],"predecessor-version":[{"id":898,"href":"https:\/\/mm2architects.com\/index.php?rest_route=\/wp\/v2\/pages\/856\/revisions\/898"}],"wp:attachment":[{"href":"https:\/\/mm2architects.com\/index.php?rest_route=%2Fwp%2Fv2%2Fmedia&parent=856"}],"curies":[{"name":"wp","href":"https:\/\/api.w.org\/{rel}","templated":true}]}}